{"id":638,"date":"2019-09-25T12:46:04","date_gmt":"2019-09-25T10:46:04","guid":{"rendered":"http:\/\/www.jablonski-guitars.at\/?page_id=638"},"modified":"2022-10-13T11:01:17","modified_gmt":"2022-10-13T09:01:17","slug":"jumm-boh","status":"publish","type":"page","link":"https:\/\/www.jablonski-guitars.at\/?page_id=638","title":{"rendered":"Jumm-Boh"},"content":{"rendered":"\t\t<div data-elementor-type=\"wp-page\" data-elementor-id=\"638\" class=\"elementor elementor-638\">\n\t\t\t\t\t\t<div class=\"elementor-inner\">\n\t\t\t\t<div class=\"elementor-section-wrap\">\n\t\t\t\t\t\t\t\t\t<section class=\"elementor-section elementor-top-section elementor-element elementor-element-3d46a44b elementor-section-boxed elementor-section-height-default elementor-section-height-default\" data-id=\"3d46a44b\" data-element_type=\"section\">\n\t\t\t\t\t\t<div class=\"elementor-container elementor-column-gap-default\">\n\t\t\t\t\t\t\t<div class=\"elementor-row\">\n\t\t\t\t\t<div class=\"elementor-column elementor-col-100 elementor-top-column elementor-element elementor-element-7ec1a9e5\" data-id=\"7ec1a9e5\" data-element_type=\"column\">\n\t\t\t<div class=\"elementor-column-wrap elementor-element-populated\">\n\t\t\t\t\t\t\t<div class=\"elementor-widget-wrap\">\n\t\t\t\t\t\t<div class=\"elementor-element elementor-element-2aceb02f elementor-widget__width-initial elementor-widget elementor-widget-text-editor\" data-id=\"2aceb02f\" data-element_type=\"widget\" data-widget_type=\"text-editor.default\">\n\t\t\t\t<div class=\"elementor-widget-container\">\n\t\t\t\t\t\t\t\t<div class=\"elementor-text-editor elementor-clearfix\">\n\t\t\t\t<h4>Ein sehr gro\u00dfes Instrument. Sehr gro\u00df. Satte, volle Sounds mit tiefen, klaren B\u00e4ssen<\/h4>\n<!-- wp:gallery {\"imageCrop\":false,\"linkTo\":\"media\"} --><!-- \/wp:gallery -->\t\t\t\t\t<\/div>\n\t\t\t\t\t\t<\/div>\n\t\t\t\t<\/div>\n\t\t\t\t\t\t<\/div>\n\t\t\t\t\t<\/div>\n\t\t<\/div>\n\t\t\t\t\t\t\t\t<\/div>\n\t\t\t\t\t<\/div>\n\t\t<\/section>\n\t\t\t\t<section class=\"elementor-section elementor-top-section elementor-element elementor-element-eeec253 elementor-section-boxed elementor-section-height-default elementor-section-height-default\" data-id=\"eeec253\" data-element_type=\"section\">\n\t\t\t\t\t\t<div class=\"elementor-container elementor-column-gap-default\">\n\t\t\t\t\t\t\t<div class=\"elementor-row\">\n\t\t\t\t\t<div class=\"elementor-column elementor-col-100 elementor-top-column elementor-element elementor-element-4733d94\" data-id=\"4733d94\" data-element_type=\"column\">\n\t\t\t<div class=\"elementor-column-wrap elementor-element-populated\">\n\t\t\t\t\t\t\t<div class=\"elementor-widget-wrap\">\n\t\t\t\t\t\t<div class=\"elementor-element elementor-element-4aa8887 gallery-spacing-custom elementor-widget elementor-widget-image-gallery\" data-id=\"4aa8887\" data-element_type=\"widget\" data-widget_type=\"image-gallery.default\">\n\t\t\t\t<div class=\"elementor-widget-container\">\n\t\t\t\t\t<div class=\"elementor-image-gallery\">\n\t\t\t<div id='gallery-1' class='gallery galleryid-638 gallery-columns-2 gallery-size-full'><figure class='gallery-item'>\n\t\t\t<div class='gallery-icon portrait'>\n\t\t\t\t<a data-elementor-open-lightbox=\"no\" href='https:\/\/www.jablonski-guitars.at\/wp-content\/uploads\/2019\/09\/jummboh-e1665651516469.jpg'><img width=\"1000\" height=\"1504\" src=\"https:\/\/www.jablonski-guitars.at\/wp-content\/uploads\/2019\/09\/jummboh-e1665651516469.jpg\" class=\"attachment-full size-full\" alt=\"\" loading=\"lazy\" srcset=\"https:\/\/www.jablonski-guitars.at\/wp-content\/uploads\/2019\/09\/jummboh-e1665651516469.jpg 1000w, https:\/\/www.jablonski-guitars.at\/wp-content\/uploads\/2019\/09\/jummboh-e1665651516469-199x300.jpg 199w, https:\/\/www.jablonski-guitars.at\/wp-content\/uploads\/2019\/09\/jummboh-e1665651516469-768x1155.jpg 768w, https:\/\/www.jablonski-guitars.at\/wp-content\/uploads\/2019\/09\/jummboh-e1665651516469-681x1024.jpg 681w\" sizes=\"(max-width: 1000px) 100vw, 1000px\" \/><\/a>\n\t\t\t<\/div><\/figure><figure class='gallery-item'>\n\t\t\t<div class='gallery-icon portrait'>\n\t\t\t\t<a data-elementor-open-lightbox=\"no\" href='https:\/\/www.jablonski-guitars.at\/wp-content\/uploads\/2019\/09\/Jumm-boh-von-hinten-seitlich.jpg'><img width=\"1000\" height=\"1504\" src=\"https:\/\/www.jablonski-guitars.at\/wp-content\/uploads\/2019\/09\/Jumm-boh-von-hinten-seitlich.jpg\" class=\"attachment-full size-full\" alt=\"\" loading=\"lazy\" srcset=\"https:\/\/www.jablonski-guitars.at\/wp-content\/uploads\/2019\/09\/Jumm-boh-von-hinten-seitlich.jpg 1000w, https:\/\/www.jablonski-guitars.at\/wp-content\/uploads\/2019\/09\/Jumm-boh-von-hinten-seitlich-199x300.jpg 199w, https:\/\/www.jablonski-guitars.at\/wp-content\/uploads\/2019\/09\/Jumm-boh-von-hinten-seitlich-768x1155.jpg 768w, https:\/\/www.jablonski-guitars.at\/wp-content\/uploads\/2019\/09\/Jumm-boh-von-hinten-seitlich-681x1024.jpg 681w\" sizes=\"(max-width: 1000px) 100vw, 1000px\" \/><\/a>\n\t\t\t<\/div><\/figure>\n\t\t<\/div>\n\t\t<\/div>\n\t\t\t\t<\/div>\n\t\t\t\t<\/div>\n\t\t\t\t\t\t<\/div>\n\t\t\t\t\t<\/div>\n\t\t<\/div>\n\t\t\t\t\t\t\t\t<\/div>\n\t\t\t\t\t<\/div>\n\t\t<\/section>\n\t\t\t\t\t\t\t\t\t<\/div>\n\t\t\t<\/div>\n\t\t\t\t\t<\/div>\n\t\t","protected":false},"excerpt":{"rendered":"<p>Ein sehr gro\u00dfes Instrument. Sehr gro\u00df. Satte, volle Sounds mit tiefen, klaren B\u00e4ssen<\/p>\n","protected":false},"author":1,"featured_media":642,"parent":0,"menu_order":0,"comment_status":"closed","ping_status":"closed","template":"page-templates\/full-width.php","meta":[],"_links":{"self":[{"href":"https:\/\/www.jablonski-guitars.at\/index.php?rest_route=\/wp\/v2\/pages\/638"}],"collection":[{"href":"https:\/\/www.jablonski-guitars.at\/index.php?rest_route=\/wp\/v2\/pages"}],"about":[{"href":"https:\/\/www.jablonski-guitars.at\/index.php?rest_route=\/wp\/v2\/types\/page"}],"author":[{"embeddable":true,"href":"https:\/\/www.jablonski-guitars.at\/index.php?rest_route=\/wp\/v2\/users\/1"}],"replies":[{"embeddable":true,"href":"https:\/\/www.jablonski-guitars.at\/index.php?rest_route=%2Fwp%2Fv2%2Fcomments&post=638"}],"version-history":[{"count":14,"href":"https:\/\/www.jablonski-guitars.at\/index.php?rest_route=\/wp\/v2\/pages\/638\/revisions"}],"predecessor-version":[{"id":733,"href":"https:\/\/www.jablonski-guitars.at\/index.php?rest_route=\/wp\/v2\/pages\/638\/revisions\/733"}],"wp:featuredmedia":[{"embeddable":true,"href":"https:\/\/www.jablonski-guitars.at\/index.php?rest_route=\/wp\/v2\/media\/642"}],"wp:attachment":[{"href":"https:\/\/www.jablonski-guitars.at\/index.php?rest_route=%2Fwp%2Fv2%2Fmedia&parent=638"}],"curies":[{"name":"wp","href":"https:\/\/api.w.org\/{rel}","templated":true}]}}