{"id":535,"date":"2017-11-07T21:35:43","date_gmt":"2017-11-07T20:35:43","guid":{"rendered":"http:\/\/www.jablonski-guitars.at\/?page_id=535"},"modified":"2022-10-19T21:18:09","modified_gmt":"2022-10-19T19:18:09","slug":"impressum","status":"publish","type":"page","link":"https:\/\/www.jablonski-guitars.at\/?page_id=535","title":{"rendered":"Impressum"},"content":{"rendered":"\t\t<div data-elementor-type=\"wp-page\" data-elementor-id=\"535\" class=\"elementor elementor-535\">\n\t\t\t\t\t\t<div class=\"elementor-inner\">\n\t\t\t\t<div class=\"elementor-section-wrap\">\n\t\t\t\t\t\t\t\t\t<section class=\"elementor-section elementor-top-section elementor-element elementor-element-1b162a19 elementor-section-boxed elementor-section-height-default elementor-section-height-default\" data-id=\"1b162a19\" data-element_type=\"section\">\n\t\t\t\t\t\t<div class=\"elementor-container elementor-column-gap-default\">\n\t\t\t\t\t\t\t<div class=\"elementor-row\">\n\t\t\t\t\t<div class=\"elementor-column elementor-col-100 elementor-top-column elementor-element elementor-element-2b215f84\" data-id=\"2b215f84\" data-element_type=\"column\">\n\t\t\t<div class=\"elementor-column-wrap elementor-element-populated\">\n\t\t\t\t\t\t\t<div class=\"elementor-widget-wrap\">\n\t\t\t\t\t\t<div class=\"elementor-element elementor-element-6f10be2b elementor-widget elementor-widget-text-editor\" data-id=\"6f10be2b\" data-element_type=\"widget\" data-widget_type=\"text-editor.default\">\n\t\t\t\t<div class=\"elementor-widget-container\">\n\t\t\t\t\t\t\t\t<div class=\"elementor-text-editor elementor-clearfix\">\n\t\t\t\t<p>Jablonski Guitars<\/p><p>Inhaber: Christian Jablonski<\/p><p>Anschrift:<\/p><p>Jablonski Guitars<br \/>Christian Jablonski<br \/>Kirchengasse 13<br \/>a-4822 Bad Goisern<br \/>0043-664 4 679 670<br \/>eMail: kontakt@jablonski-guitars.at<\/p><p>Webseiten:<\/p><p>www.Jablonski-Guitars.at<br \/>www.Jablonski-Guitars.de<br \/>www.jablonski-guitars.com<\/p><p>Alle Rechte einschlie\u00dflich Urheberrecht an den genannten Jablonski-Guitars-Webseiten liegen &#8211; sofern nicht anders angegeben &#8211; bei Christian Jablonski, A-4822 Bad Goisern.<\/p><p>Logos, Warenzeichen und Schutzmarken, etc. sind Eigentum der eingetragenen Besitzer, auch wenn dies nicht ausdr\u00fccklich einzeln angegeben ist.<br \/>Die angebotenen Daten dienen ausschlie\u00dflich der Information von Kunden und Interessenten von Jablonski Guitars. F\u00fcr die Richtigkeit und Vollst\u00e4ndigkeit \u00fcbernehmen wir keine Haftung. Irrtum, Ausstattungsmerkmale und technische \u00c4nderungen vorbehalten.<\/p><p>Externe Links wurden gewissenhaft gepr\u00fcft. Dennoch \u00fcbernehmen wir keine Verantwortung f\u00fcr den Inhalt externer Links. F\u00fcr den Inhalt externer Links sind die Betreiber der jeweiligen Webseiten verantwortlich.<\/p><p>Die gewerbliche Weiterverwendung der Inhalte dieser Seiten, insbesondere auch der Grafiken, f\u00fcr Zwecke, die nicht dem Interesse von Jablonski Guitars entsprechen, ist untersagt und bedarf unserer ausdr\u00fccklichen Zustimmung.<\/p><p>Gerichtsstand ist Bad Goisern \/ \u00d6sterreich.<\/p>\t\t\t\t\t<\/div>\n\t\t\t\t\t\t<\/div>\n\t\t\t\t<\/div>\n\t\t\t\t\t\t<\/div>\n\t\t\t\t\t<\/div>\n\t\t<\/div>\n\t\t\t\t\t\t\t\t<\/div>\n\t\t\t\t\t<\/div>\n\t\t<\/section>\n\t\t\t\t\t\t\t\t\t<\/div>\n\t\t\t<\/div>\n\t\t\t\t\t<\/div>\n\t\t","protected":false},"excerpt":{"rendered":"<p>Jablonski Guitars Inhaber: Christian Jablonski Anschrift: Jablonski GuitarsChristian JablonskiKirchengasse 13a-4822 Bad Goisern0043-664 4 679 670eMail: kontakt@jablonski-guitars.at Webseiten: www.Jablonski-Guitars.atwww.Jablonski-Guitars.dewww.jablonski-guitars.com Alle Rechte einschlie\u00dflich Urheberrecht an den genannten Jablonski-Guitars-Webseiten liegen &#8211; sofern nicht anders angegeben &#8211; bei Christian Jablonski, A-4822 Bad Goisern. Logos, Warenzeichen und Schutzmarken, etc. sind Eigentum der eingetragenen Besitzer, auch wenn dies nicht ausdr\u00fccklich einzeln [&hellip;]<\/p>\n","protected":false},"author":1,"featured_media":329,"parent":0,"menu_order":0,"comment_status":"closed","ping_status":"closed","template":"page-templates\/full-width.php","meta":[],"_links":{"self":[{"href":"https:\/\/www.jablonski-guitars.at\/index.php?rest_route=\/wp\/v2\/pages\/535"}],"collection":[{"href":"https:\/\/www.jablonski-guitars.at\/index.php?rest_route=\/wp\/v2\/pages"}],"about":[{"href":"https:\/\/www.jablonski-guitars.at\/index.php?rest_route=\/wp\/v2\/types\/page"}],"author":[{"embeddable":true,"href":"https:\/\/www.jablonski-guitars.at\/index.php?rest_route=\/wp\/v2\/users\/1"}],"replies":[{"embeddable":true,"href":"https:\/\/www.jablonski-guitars.at\/index.php?rest_route=%2Fwp%2Fv2%2Fcomments&post=535"}],"version-history":[{"count":22,"href":"https:\/\/www.jablonski-guitars.at\/index.php?rest_route=\/wp\/v2\/pages\/535\/revisions"}],"predecessor-version":[{"id":892,"href":"https:\/\/www.jablonski-guitars.at\/index.php?rest_route=\/wp\/v2\/pages\/535\/revisions\/892"}],"wp:featuredmedia":[{"embeddable":true,"href":"https:\/\/www.jablonski-guitars.at\/index.php?rest_route=\/wp\/v2\/media\/329"}],"wp:attachment":[{"href":"https:\/\/www.jablonski-guitars.at\/index.php?rest_route=%2Fwp%2Fv2%2Fmedia&parent=535"}],"curies":[{"name":"wp","href":"https:\/\/api.w.org\/{rel}","templated":true}]}}