{"id":326,"date":"2016-03-25T21:46:16","date_gmt":"2016-03-25T20:46:16","guid":{"rendered":"http:\/\/jab.r0bin.de\/?page_id=326"},"modified":"2022-10-19T19:45:31","modified_gmt":"2022-10-19T17:45:31","slug":"werkstatt-ich","status":"publish","type":"page","link":"https:\/\/www.jablonski-guitars.at\/","title":{"rendered":"Werkstatt &#038; Ich"},"content":{"rendered":"\t\t<div data-elementor-type=\"wp-page\" data-elementor-id=\"326\" class=\"elementor elementor-326\">\n\t\t\t\t\t\t<div class=\"elementor-inner\">\n\t\t\t\t<div class=\"elementor-section-wrap\">\n\t\t\t\t\t\t\t\t\t<section class=\"elementor-section elementor-top-section elementor-element elementor-element-80b69bf elementor-section-boxed elementor-section-height-default elementor-section-height-default\" data-id=\"80b69bf\" data-element_type=\"section\" data-settings=\"{&quot;background_background&quot;:&quot;classic&quot;}\">\n\t\t\t\t\t\t<div class=\"elementor-container elementor-column-gap-default\">\n\t\t\t\t\t\t\t<div class=\"elementor-row\">\n\t\t\t\t\t<div class=\"elementor-column elementor-col-100 elementor-top-column elementor-element elementor-element-5df9f7d7\" data-id=\"5df9f7d7\" data-element_type=\"column\">\n\t\t\t<div class=\"elementor-column-wrap elementor-element-populated\">\n\t\t\t\t\t\t\t<div class=\"elementor-widget-wrap\">\n\t\t\t\t\t\t<div class=\"elementor-element elementor-element-63888bab elementor-widget elementor-widget-text-editor\" data-id=\"63888bab\" data-element_type=\"widget\" data-widget_type=\"text-editor.default\">\n\t\t\t\t<div class=\"elementor-widget-container\">\n\t\t\t\t\t\t\t\t<div class=\"elementor-text-editor elementor-clearfix\">\n\t\t\t\t<div class=\"imgframe\"><img loading=\"lazy\" class=\"alignnone wp-image-330 size-large\" src=\"https:\/\/www.jablonski-guitars.at\/wp-content\/uploads\/2016\/03\/14-1024x683.jpg\" alt=\"\" width=\"640\" height=\"427\" srcset=\"https:\/\/www.jablonski-guitars.at\/wp-content\/uploads\/2016\/03\/14-1024x683.jpg 1024w, https:\/\/www.jablonski-guitars.at\/wp-content\/uploads\/2016\/03\/14-300x200.jpg 300w, https:\/\/www.jablonski-guitars.at\/wp-content\/uploads\/2016\/03\/14-768x513.jpg 768w, https:\/\/www.jablonski-guitars.at\/wp-content\/uploads\/2016\/03\/14.jpg 2048w\" sizes=\"(max-width: 640px) 100vw, 640px\" \/><\/div><h1 style=\"font-size: 72px; font-weight: 300;\">Werkstatt &amp; Ich<\/h1><p>Mein Name ist Christian Jablonski. Ich baue Gitarren seit fast 30 Jahren, seit \u00fcber 20 bin ich Zupfinstrumentenmachermeister. (So nennt sich der Beruf im etwas sperrigen B\u00fcrokratendeutsch\u2026) F\u00fcr die Meisterpr\u00fcfung wurde mir der Meisterpreis der Bayerischen Staatsregierung zugesprochen. Sch\u00f6n, wenn die Arbeit offiziell (und finanziell) gew\u00fcrdigt wird! Seitdem wurden meine Gitarren auch in diversen Fachmagazinen positiv besprochen.<\/p><p>Seit 2007 habe ich meine Werkstatt in Bad Goisern eingerichtet, seit 2014 in der ehemaligen Gemeindeverwaltung\u00a0 und sp\u00e4teren Musikschule in der Kirchengasse 13. Ein Haus mit Geschichte! Es hat fr\u00fcher als Messerschmiede, ab 1880 als Gemeindeverwaltung mit Polizeistation (mit Arrestzelle) und Lehrerwohnung sowie B\u00fcrgermeisteramt und Standesamt mit Trauzimmer gedient. Nach dem Neubau der Gemeindeverwaltung wurde die Musikschule darin untergebracht. Viele Goiserer haben in diesem Haus geheiratet oder ein Musikinstrument gelernt. (Oder ihr \u2013nat\u00fcrlich unfrisiertes- Moped vorf\u00fchren m\u00fcssen..)<\/p><p>Der Umzug nach Goisern hat sich ergeben, weil ich seit 2006 im benachbarten Hallstatt an der dortigen HTBLA (H\u00f6here Technische Bundes Lehr Anstalt) in der Abteilung f\u00fcr Musikinstrumentenbau unterrichte.<\/p><p>Da deswegen meine Zeit etwas limitiert ist, werden von mir nur wenige Instrumente im Jahr gefertigt, die meisten nach Kundenwunsch. Auch die eine oder andere Reparatur wird ausgef\u00fchrt.<\/p>\t\t\t\t\t<\/div>\n\t\t\t\t\t\t<\/div>\n\t\t\t\t<\/div>\n\t\t\t\t\t\t<\/div>\n\t\t\t\t\t<\/div>\n\t\t<\/div>\n\t\t\t\t\t\t\t\t<\/div>\n\t\t\t\t\t<\/div>\n\t\t<\/section>\n\t\t\t\t\t\t\t\t\t<\/div>\n\t\t\t<\/div>\n\t\t\t\t\t<\/div>\n\t\t","protected":false},"excerpt":{"rendered":"<p>Werkstatt &amp; Ich Mein Name ist Christian Jablonski. Ich baue Gitarren seit fast 30 Jahren, seit \u00fcber 20 bin ich Zupfinstrumentenmachermeister. (So nennt sich der Beruf im etwas sperrigen B\u00fcrokratendeutsch\u2026) F\u00fcr die Meisterpr\u00fcfung wurde mir der Meisterpreis der Bayerischen Staatsregierung zugesprochen. Sch\u00f6n, wenn die Arbeit offiziell (und finanziell) gew\u00fcrdigt wird! Seitdem wurden meine Gitarren auch [&hellip;]<\/p>\n","protected":false},"author":1,"featured_media":0,"parent":0,"menu_order":0,"comment_status":"closed","ping_status":"closed","template":"page-templates\/full-width.php","meta":[],"_links":{"self":[{"href":"https:\/\/www.jablonski-guitars.at\/index.php?rest_route=\/wp\/v2\/pages\/326"}],"collection":[{"href":"https:\/\/www.jablonski-guitars.at\/index.php?rest_route=\/wp\/v2\/pages"}],"about":[{"href":"https:\/\/www.jablonski-guitars.at\/index.php?rest_route=\/wp\/v2\/types\/page"}],"author":[{"embeddable":true,"href":"https:\/\/www.jablonski-guitars.at\/index.php?rest_route=\/wp\/v2\/users\/1"}],"replies":[{"embeddable":true,"href":"https:\/\/www.jablonski-guitars.at\/index.php?rest_route=%2Fwp%2Fv2%2Fcomments&post=326"}],"version-history":[{"count":25,"href":"https:\/\/www.jablonski-guitars.at\/index.php?rest_route=\/wp\/v2\/pages\/326\/revisions"}],"predecessor-version":[{"id":844,"href":"https:\/\/www.jablonski-guitars.at\/index.php?rest_route=\/wp\/v2\/pages\/326\/revisions\/844"}],"wp:attachment":[{"href":"https:\/\/www.jablonski-guitars.at\/index.php?rest_route=%2Fwp%2Fv2%2Fmedia&parent=326"}],"curies":[{"name":"wp","href":"https:\/\/api.w.org\/{rel}","templated":true}]}}