{"id":317,"date":"2016-03-25T21:45:48","date_gmt":"2016-03-25T20:45:48","guid":{"rendered":"http:\/\/jab.r0bin.de\/?page_id=317"},"modified":"2022-10-18T19:16:33","modified_gmt":"2022-10-18T17:16:33","slug":"grand-concert","status":"publish","type":"page","link":"https:\/\/www.jablonski-guitars.at\/?page_id=317","title":{"rendered":"Grandezza"},"content":{"rendered":"<p>Die Form ist deutlich st\u00e4rker tailliert als die King George und liegt, obwohl sie sich in L\u00e4nge und Breite nicht sehr unterscheiden, deswegen deutlich besser am K\u00f6rper. Die ideale Allround-Gitarre, wie ich meine. Sehr ausgewogen.<\/p>\n<p>\u00a0<\/p>\n\n<style>#jtg-735 .modula-item .jtg-social a, .lightbox-socials.jtg-social a{ color: #ffffff }#jtg-735 .modula-item .jtg-social svg, .lightbox-socials.jtg-social svg { height: 16px; width: 16px }#jtg-735 .modula-item .jtg-social a:not(:last-child), .lightbox-socials.jtg-social a:not(:last-child) { margin-right: 10px }#jtg-735 .modula-item .figc {color:#ffffff;}#jtg-735.modula-loaded-scale .modula-item .modula-item-content { animation:modulaScaling 1s;transition:0.5s all;opacity: 1; }@keyframes modulaScaling { 0% {transform:scale(1)} 50%{transform: scale(1)}100%{transform:scale(1)}}#jtg-735 .modula-items .figc p.description { font-size:14px; }#jtg-735 .modula-items .figc p.description { color:#ffffff;}#jtg-735.modula-gallery .modula-item > a, #jtg-735.modula-gallery .modula-item, #jtg-735.modula-gallery .modula-item-content > a:not(.modula-no-follow) { cursor:zoom-in; } #jtg-735.modula-gallery .modula-item-content .modula-no-follow { cursor: default; } @media screen and (max-width:480px){#jtg-735 .modula-item .figc .jtg-title {  font-size: 12px; }#jtg-735 .modula-items .figc p.description { color:#ffffff;font-size:10px; }}#jtg-735 .modula-items .modula-item:hover img{opacity:1;}<\/style>\n<!-- Gallery Container -->\n<div  id=\"jtg-735\" class=\"modula modula-gallery modula-custom-grid\" data-config=\"{&quot;height&quot;:0,&quot;tabletHeight&quot;:0,&quot;mobileHeight&quot;:0,&quot;desktopHeight&quot;:0,&quot;enableTwitter&quot;:false,&quot;enableWhatsapp&quot;:false,&quot;enableFacebook&quot;:false,&quot;enablePinterest&quot;:false,&quot;enableLinkedin&quot;:false,&quot;enableEmail&quot;:false,&quot;randomFactor&quot;:0,&quot;type&quot;:&quot;custom-grid&quot;,&quot;columns&quot;:12,&quot;gutter&quot;:25,&quot;mobileGutter&quot;:10,&quot;tabletGutter&quot;:15,&quot;desktopGutter&quot;:25,&quot;enableResponsive&quot;:&quot;1&quot;,&quot;tabletColumns&quot;:&quot;2&quot;,&quot;mobileColumns&quot;:&quot;1&quot;,&quot;lazyLoad&quot;:&quot;1&quot;,&quot;lightboxOpts&quot;:{&quot;loop&quot;:false,&quot;arrows&quot;:true,&quot;toolbar&quot;:true,&quot;keyboard&quot;:false,&quot;wheel&quot;:false,&quot;buttons&quot;:[&quot;close&quot;],&quot;hash&quot;:false,&quot;lang&quot;:&quot;en&quot;,&quot;touch&quot;:false,&quot;protect&quot;:false,&quot;i18n&quot;:{&quot;en&quot;:{&quot;CLOSE&quot;:&quot;Close&quot;,&quot;NEXT&quot;:&quot;Next&quot;,&quot;PREV&quot;:&quot;Previous&quot;,&quot;Error&quot;:&quot;The requested content cannot be loaded. Please try again later.&quot;,&quot;PLAY_START&quot;:&quot;Start slideshow&quot;,&quot;PLAY_STOP&quot;:&quot;Pause slideshow&quot;,&quot;FULL_SCREEN&quot;:&quot;Full screen&quot;,&quot;THUMBS&quot;:&quot;Thumbnails&quot;,&quot;DOWNLOAD&quot;:&quot;Download&quot;,&quot;SHARE&quot;:&quot;Share&quot;,&quot;ZOOM&quot;:&quot;Zoom&quot;}},&quot;clickSlide&quot;:false,&quot;clickOutside&quot;:false,&quot;dblclickContent&quot;:false,&quot;dblclickSlide&quot;:false,&quot;dblclickOutside&quot;:false,&quot;clickContent&quot;:false,&quot;baseTpl&quot;:&quot;&lt;div class=\\&quot;modula-fancybox-container modula-lightbox-jtg-735\\&quot; role=\\&quot;dialog\\&quot; tabindex=\\&quot;-1\\&quot;&gt;&lt;div class=\\&quot;modula-fancybox-bg\\&quot;&gt;&lt;\\\/div&gt;&lt;div class=\\&quot;modula-fancybox-inner\\&quot;&gt;&lt;div class=\\&quot;modula-fancybox-infobar\\&quot;&gt;&lt;span data-fancybox-index&gt;&lt;\\\/span&gt;&nbsp;\\\/&nbsp;&lt;span data-fancybox-count&gt;&lt;\\\/span&gt;&lt;\\\/div&gt;&lt;div class=\\&quot;modula-fancybox-toolbar\\&quot;&gt;{{buttons}}&lt;\\\/div&gt;&lt;div class=\\&quot;modula-fancybox-navigation\\&quot;&gt;{{arrows}}&lt;\\\/div&gt;&lt;div class=\\&quot;modula-fancybox-stage\\&quot;&gt;&lt;\\\/div&gt;&lt;div class=\\&quot;modula-fancybox-caption\\&quot;&gt;&lt;div class=\\&quot;modula-fancybox-caption__body\\&quot;&gt;&lt;\\\/div&gt;&lt;\\\/div&gt;&lt;\\\/div&gt;&lt;\\\/div&gt;&quot;},&quot;inView&quot;:true,&quot;email_subject&quot;:&quot;Check out this awesome image !!&quot;,&quot;email_message&quot;:&quot;Here is the link to the image : %%image_link%% and this is the link to the gallery : %%gallery_link%%&quot;,&quot;lightbox&quot;:&quot;fancybox&quot;}\">\n\n\t\n\t<!-- Items Container -->\n\t<div  class=\"modula-items\">\n\t\t<div class=\"modula-item\" data-width=\"3\" data-height=\"5\" >\n\t<div class=\"modula-item-content\">\n\t\t\n\t\t\t\t\t<a data-image-id=\"483\" href=\"https:\/\/www.jablonski-guitars.at\/wp-content\/uploads\/2017\/01\/06.jpg\" data-elementor-open-lightbox=\"no\" rel=\"jtg-735\" data-caption=\"\" aria-label=\"Open image in lightbox\" class=\"tile-inner modula-item-link\"><\/a>\n\t\t\n\t\t<img class=\"pic wp-image-483 lazyload\"  data-valign=\"middle\" data-halign=\"center\" alt=\"\" data-full=\"http:\/\/jab.r0bin.de\/wp-content\/uploads\/2017\/01\/06.jpg\" title=\"06\" width=\"600\" height=\"1000\" data-src=\"https:\/\/www.jablonski-guitars.at\/wp-content\/uploads\/2017\/01\/06-600x1000_c.jpg\" data-caption=\"\" data-source=\"modula\"\/>\n\t<\/div>\n\n<\/div><div class=\"modula-item\" data-width=\"3\" data-height=\"5\" >\n\t<div class=\"modula-item-content\">\n\t\t\n\t\t\t\t\t<a data-image-id=\"484\" href=\"https:\/\/www.jablonski-guitars.at\/wp-content\/uploads\/2017\/01\/07.jpg\" data-elementor-open-lightbox=\"no\" rel=\"jtg-735\" data-caption=\"\" aria-label=\"Open image in lightbox\" class=\"tile-inner modula-item-link\"><\/a>\n\t\t\n\t\t<img class=\"pic wp-image-484 lazyload\"  data-valign=\"middle\" data-halign=\"center\" alt=\"\" data-full=\"http:\/\/jab.r0bin.de\/wp-content\/uploads\/2017\/01\/07.jpg\" title=\"07\" width=\"600\" height=\"1000\" data-src=\"https:\/\/www.jablonski-guitars.at\/wp-content\/uploads\/2017\/01\/07-600x1000_c.jpg\" data-caption=\"\" data-source=\"modula\"\/>\n\t<\/div>\n\n<\/div><div class=\"modula-item\" data-width=\"3\" data-height=\"5\" >\n\t<div class=\"modula-item-content\">\n\t\t\n\t\t\t\t\t<a data-image-id=\"485\" href=\"https:\/\/www.jablonski-guitars.at\/wp-content\/uploads\/2017\/01\/08.jpg\" data-elementor-open-lightbox=\"no\" rel=\"jtg-735\" data-caption=\"\" aria-label=\"Open image in lightbox\" class=\"tile-inner modula-item-link\"><\/a>\n\t\t\n\t\t<img class=\"pic wp-image-485 lazyload\"  data-valign=\"middle\" data-halign=\"center\" alt=\"\" data-full=\"http:\/\/jab.r0bin.de\/wp-content\/uploads\/2017\/01\/08.jpg\" title=\"08\" width=\"600\" height=\"1000\" data-src=\"https:\/\/www.jablonski-guitars.at\/wp-content\/uploads\/2017\/01\/08-600x1000_c.jpg\" data-caption=\"\" data-source=\"modula\"\/>\n\t<\/div>\n\n<\/div><div class=\"modula-item\" data-width=\"3\" data-height=\"5\" >\n\t<div class=\"modula-item-content\">\n\t\t\n\t\t\t\t\t<a data-image-id=\"486\" href=\"https:\/\/www.jablonski-guitars.at\/wp-content\/uploads\/2017\/01\/09.jpg\" data-elementor-open-lightbox=\"no\" rel=\"jtg-735\" data-caption=\"\" aria-label=\"Open image in lightbox\" class=\"tile-inner modula-item-link\"><\/a>\n\t\t\n\t\t<img class=\"pic wp-image-486 lazyload\"  data-valign=\"middle\" data-halign=\"center\" alt=\"\" data-full=\"http:\/\/jab.r0bin.de\/wp-content\/uploads\/2017\/01\/09.jpg\" title=\"09\" width=\"600\" height=\"1000\" data-src=\"https:\/\/www.jablonski-guitars.at\/wp-content\/uploads\/2017\/01\/09-600x1000_c.jpg\" data-caption=\"\" data-source=\"modula\"\/>\n\t<\/div>\n\n<\/div>\t\t\n\t<\/div>\n\n\t\n\t\n\t<script type=\"application\/ld+json\">\n\t{\n\t\t\"@context\": \"http:\/\/schema.org\",\n\t\t\"@type\"   : \"ImageGallery\",\n\t\t\"id\"      : \"https:\/\/www.jablonski-guitars.at\",\n\t\t\"url\"     : \"https:\/\/www.jablonski-guitars.at\"\n\t}\n\n    <\/script>\n\n\t\n<\/div>","protected":false},"excerpt":{"rendered":"<p>Die Form ist deutlich st\u00e4rker tailliert als die King George und liegt, obwohl sie sich in L\u00e4nge und Breite nicht sehr unterscheiden, deswegen deutlich besser am K\u00f6rper. Die ideale Allround-Gitarre, wie ich meine. Sehr ausgewogen. \u00a0<\/p>\n","protected":false},"author":1,"featured_media":485,"parent":0,"menu_order":0,"comment_status":"closed","ping_status":"closed","template":"page-templates\/full-width.php","meta":[],"_links":{"self":[{"href":"https:\/\/www.jablonski-guitars.at\/index.php?rest_route=\/wp\/v2\/pages\/317"}],"collection":[{"href":"https:\/\/www.jablonski-guitars.at\/index.php?rest_route=\/wp\/v2\/pages"}],"about":[{"href":"https:\/\/www.jablonski-guitars.at\/index.php?rest_route=\/wp\/v2\/types\/page"}],"author":[{"embeddable":true,"href":"https:\/\/www.jablonski-guitars.at\/index.php?rest_route=\/wp\/v2\/users\/1"}],"replies":[{"embeddable":true,"href":"https:\/\/www.jablonski-guitars.at\/index.php?rest_route=%2Fwp%2Fv2%2Fcomments&post=317"}],"version-history":[{"count":6,"href":"https:\/\/www.jablonski-guitars.at\/index.php?rest_route=\/wp\/v2\/pages\/317\/revisions"}],"predecessor-version":[{"id":737,"href":"https:\/\/www.jablonski-guitars.at\/index.php?rest_route=\/wp\/v2\/pages\/317\/revisions\/737"}],"wp:featuredmedia":[{"embeddable":true,"href":"https:\/\/www.jablonski-guitars.at\/index.php?rest_route=\/wp\/v2\/media\/485"}],"wp:attachment":[{"href":"https:\/\/www.jablonski-guitars.at\/index.php?rest_route=%2Fwp%2Fv2%2Fmedia&parent=317"}],"curies":[{"name":"wp","href":"https:\/\/api.w.org\/{rel}","templated":true}]}}